{"id":459,"date":"2022-11-08T12:14:46","date_gmt":"2022-11-08T12:14:46","guid":{"rendered":"https:\/\/hortnext.webs.upv.es\/?page_id=459"},"modified":"2023-01-16T10:55:57","modified_gmt":"2023-01-16T10:55:57","slug":"miembros","status":"publish","type":"page","link":"https:\/\/hortnext.webs.upv.es\/index.php\/miembros\/","title":{"rendered":"Miembros"},"content":{"rendered":"\n<h2 class=\"has-text-align-center has-large-font-size wp-block-heading\">Diego \u00c1ngel Moreno Fern\u00e1ndez<\/h2>\n\n\n\n<div class=\"wp-block-media-text alignwide is-stacked-on-mobile\" style=\"grid-template-columns:37% auto\"><figure class=\"wp-block-media-text__media\"><img loading=\"lazy\" decoding=\"async\" width=\"443\" height=\"591\" src=\"https:\/\/hortnext.webs.upv.es\/wp-content\/uploads\/2023\/01\/Diego-Moreno-2022-LabFAS-2.jpg\" alt=\"\" class=\"wp-image-576 size-full\" srcset=\"https:\/\/hortnext.webs.upv.es\/wp-content\/uploads\/2023\/01\/Diego-Moreno-2022-LabFAS-2.jpg 443w, https:\/\/hortnext.webs.upv.es\/wp-content\/uploads\/2023\/01\/Diego-Moreno-2022-LabFAS-2-225x300.jpg 225w\" sizes=\"auto, (max-width: 443px) 100vw, 443px\" \/><\/figure><div class=\"wp-block-media-text__content\">\n<p class=\"has-small-font-size\"><em>CEBAS-CSIC. Lab. Fitoqu\u00edmica y Alimentos Saludables, Dpto. Ciencia y Tecnolog\u00eda de Alimentos<\/em>             <\/p>\n\n\n\n<p class=\"has-small-font-size\">Doctor en Ciencias Biol\u00f3gicas por la Universidad de Granada (2000), en Fisiolog\u00eda Vegetal. Becario Postdoctoral MECD-FullBright en EEUU (Rutgers University, NJ, 2001-2003) y Asociado Postdoctoral (2003-2004) para realizar investigaciones sobre Fito-terap\u00e9uticos Anti-Obesidad tambi\u00e9n en la Universidad de Rutgers \u2013 The State University of New Jersey.Investigador postdoctoral reincorporado en 2005 en el CEBAS-CSIC con <em>I3P-Postdoctoral<\/em> (ahora JAE Postdoc) en 2005 y Contratado del Programa <em>Ram\u00f3n y Cajal<\/em> (2006) ejerciendo \u00a0como Cient\u00edfico Titular desde 2008 y actualmente, <strong><u>Investigador Cient\u00edfico <\/u>(2018) <\/strong>en el Grupo de Investigaci\u00f3n N\u00ba 920359\u00a0 del CSIC<strong>, Laboratorio de Fitoqu\u00edmica y Alimentos Saludables<\/strong> del Dpto. de Ciencia y Tecnolog\u00eda de Alimentos del Centro de Edafolog\u00eda y Biolog\u00eda Aplicada del Segura (CEBAS) CSIC. Autor y co-autor de +220 art\u00edculos cient\u00edficos y revisiones (en publicaciones indexadas S.C.I.), con amplia experiencia en I+D+i de alimentos e ingredientes de origen vegetal, enriquecidos en fitoqu\u00edmicos bioactivos y nutrientes (minerales, vitaminas), realizando diferentes proyectos y l\u00edneas de investigaci\u00f3n en la evaluaci\u00f3n y optimizaci\u00f3n de condiciones agron\u00f3micas y del procesado dom\u00e9stico e industrial, para obtener alimentos enriquecidos en compuestos bioactivos; Estudios sobre la evaluaci\u00f3n funcional y la actividad biol\u00f3gica de los componentes de los alimentos en la salud adulta, principalmente en el metabolismo energ\u00e9tico (obesidad, diabetes) y la inflamaci\u00f3n (cr\u00f3nica).De los resultados de investigaci\u00f3n de los proyectos que ha coordinado y en los que ha participado en convocatorias nacionales y regionales en Espa\u00f1a, as\u00ed como de cooperaci\u00f3n internacional (Redes CYTED, Acciones FONDECYT, CSIC I-COOP e I-LINK, etc.), adem\u00e1s de la producci\u00f3n cient\u00edfico-tecnol\u00f3gica, tambi\u00e9n ha participado y realiza una formaci\u00f3n de personal investigador activa, tanto en las tutor\u00edas y formaci\u00f3n de personal investigador en el CSIC (6 Tesis Doctorales ya defendidas \u2013 3 de ellas con Premio Extraordinario, varias Tesis de M\u00e1sters, TFGs, Practicums de Grado, pr\u00e1cticas extracurriculares, Erasmus+, etc.), como en la formaci\u00f3n continua de estudiantes pregrado y postgrado con pr\u00e1cticas curriculares y extracurriculares, as\u00ed como m\u00faltiples estudiantes e investigadores en visitas y estancias internacionales. En la transferencia de resultados de la investigaci\u00f3n a la sociedad y la empresa, destaca tambi\u00e9n como co-inventor y autor de 4 patentes en el CSIC, que est\u00e1n licenciadas y en explotaci\u00f3n (PCT <strong>ES<\/strong>2011\/070760, <strong>ES<\/strong>2012\/070366, <strong>ES<\/strong>2012\/070579 y <strong>ES<\/strong>2019\/070457 &amp; 2021 <em>US Patent Appl. N\u00ba <\/em>17\/257,743) y ha participado en la fundaci\u00f3n de la empresa de base tecnol\u00f3gica (spin-off del CSIC):Aquaporins &amp; Ingredients SL (2009).<\/p>\n<\/div><\/div>\n","protected":false},"excerpt":{"rendered":"<p>Diego \u00c1ngel Moreno Fern\u00e1ndez CEBAS-CSIC. Lab. Fitoqu\u00edmica y Alimentos Saludables, Dpto. Ciencia y Tecnolog\u00eda de Alimentos Doctor en Ciencias Biol\u00f3gicas por la Universidad de Granada (2000), en Fisiolog\u00eda Vegetal. Becario Postdoctoral MECD-FullBright en EEUU (Rutgers University, NJ, 2001-2003) y Asociado Postdoctoral (2003-2004) para realizar investigaciones sobre Fito-terap\u00e9uticos Anti-Obesidad tambi\u00e9n en la Universidad de Rutgers \u2013 [&hellip;]<\/p>\n","protected":false},"author":1,"featured_media":0,"parent":0,"menu_order":0,"comment_status":"closed","ping_status":"closed","template":"","meta":{"_uag_custom_page_level_css":"","site-sidebar-layout":"default","site-content-layout":"","ast-site-content-layout":"default","site-content-style":"default","site-sidebar-style":"default","ast-global-header-display":"","ast-banner-title-visibility":"","ast-main-header-display":"","ast-hfb-above-header-display":"","ast-hfb-below-header-display":"","ast-hfb-mobile-header-display":"","site-post-title":"","ast-breadcrumbs-content":"","ast-featured-img":"","footer-sml-layout":"","ast-disable-related-posts":"","theme-transparent-header-meta":"","adv-header-id-meta":"","stick-header-meta":"","header-above-stick-meta":"","header-main-stick-meta":"","header-below-stick-meta":"","astra-migrate-meta-layouts":"default","ast-page-background-enabled":"default","ast-page-background-meta":{"desktop":{"background-color":"","background-image":"","background-repeat":"repeat","background-position":"center center","background-size":"auto","background-attachment":"scroll","background-type":"","background-media":"","overlay-type":"","overlay-color":"","overlay-opacity":"","overlay-gradient":""},"tablet":{"background-color":"","background-image":"","background-repeat":"repeat","background-position":"center center","background-size":"auto","background-attachment":"scroll","background-type":"","background-media":"","overlay-type":"","overlay-color":"","overlay-opacity":"","overlay-gradient":""},"mobile":{"background-color":"","background-image":"","background-repeat":"repeat","background-position":"center center","background-size":"auto","background-attachment":"scroll","background-type":"","background-media":"","overlay-type":"","overlay-color":"","overlay-opacity":"","overlay-gradient":""}},"ast-content-background-meta":{"desktop":{"background-color":"var(--ast-global-color-5)","background-image":"","background-repeat":"repeat","background-position":"center center","background-size":"auto","background-attachment":"scroll","background-type":"","background-media":"","overlay-type":"","overlay-color":"","overlay-opacity":"","overlay-gradient":""},"tablet":{"background-color":"var(--ast-global-color-5)","background-image":"","background-repeat":"repeat","background-position":"center center","background-size":"auto","background-attachment":"scroll","background-type":"","background-media":"","overlay-type":"","overlay-color":"","overlay-opacity":"","overlay-gradient":""},"mobile":{"background-color":"var(--ast-global-color-5)","background-image":"","background-repeat":"repeat","background-position":"center center","background-size":"auto","background-attachment":"scroll","background-type":"","background-media":"","overlay-type":"","overlay-color":"","overlay-opacity":"","overlay-gradient":""}},"footnotes":""},"class_list":["post-459","page","type-page","status-publish","hentry"],"yoast_head":"<!-- This site is optimized with the Yoast SEO plugin v27.3 - https:\/\/yoast.com\/product\/yoast-seo-wordpress\/ -->\n<title>Miembros &#8211; HortNext<\/title>\n<meta name=\"robots\" content=\"index, follow, max-snippet:-1, max-image-preview:large, max-video-preview:-1\" \/>\n<link rel=\"canonical\" href=\"https:\/\/hortnext.webs.upv.es\/index.php\/miembros\/\" \/>\n<meta property=\"og:locale\" content=\"es_ES\" \/>\n<meta property=\"og:type\" content=\"article\" \/>\n<meta property=\"og:title\" content=\"Miembros &#8211; HortNext\" \/>\n<meta property=\"og:description\" content=\"Diego \u00c1ngel Moreno Fern\u00e1ndez CEBAS-CSIC. Lab. Fitoqu\u00edmica y Alimentos Saludables, Dpto. Ciencia y Tecnolog\u00eda de Alimentos Doctor en Ciencias Biol\u00f3gicas por la Universidad de Granada (2000), en Fisiolog\u00eda Vegetal. Becario Postdoctoral MECD-FullBright en EEUU (Rutgers University, NJ, 2001-2003) y Asociado Postdoctoral (2003-2004) para realizar investigaciones sobre Fito-terap\u00e9uticos Anti-Obesidad tambi\u00e9n en la Universidad de Rutgers \u2013 [&hellip;]\" \/>\n<meta property=\"og:url\" content=\"https:\/\/hortnext.webs.upv.es\/index.php\/miembros\/\" \/>\n<meta property=\"og:site_name\" content=\"HortNext\" \/>\n<meta property=\"article:modified_time\" content=\"2023-01-16T10:55:57+00:00\" \/>\n<meta property=\"og:image\" content=\"https:\/\/hortnext.webs.upv.es\/wp-content\/uploads\/2023\/01\/Diego-Moreno-2022-LabFAS-2.jpg\" \/>\n<meta name=\"twitter:card\" content=\"summary_large_image\" \/>\n<meta name=\"twitter:site\" content=\"@hortnext\" \/>\n<meta name=\"twitter:label1\" content=\"Tiempo de lectura\" \/>\n\t<meta name=\"twitter:data1\" content=\"3 minutos\" \/>\n<script type=\"application\/ld+json\" class=\"yoast-schema-graph\">{\"@context\":\"https:\\\/\\\/schema.org\",\"@graph\":[{\"@type\":\"WebPage\",\"@id\":\"https:\\\/\\\/hortnext.webs.upv.es\\\/index.php\\\/miembros\\\/\",\"url\":\"https:\\\/\\\/hortnext.webs.upv.es\\\/index.php\\\/miembros\\\/\",\"name\":\"Miembros &#8211; HortNext\",\"isPartOf\":{\"@id\":\"https:\\\/\\\/hortnext.webs.upv.es\\\/#website\"},\"primaryImageOfPage\":{\"@id\":\"https:\\\/\\\/hortnext.webs.upv.es\\\/index.php\\\/miembros\\\/#primaryimage\"},\"image\":{\"@id\":\"https:\\\/\\\/hortnext.webs.upv.es\\\/index.php\\\/miembros\\\/#primaryimage\"},\"thumbnailUrl\":\"https:\\\/\\\/hortnext.webs.upv.es\\\/wp-content\\\/uploads\\\/2023\\\/01\\\/Diego-Moreno-2022-LabFAS-2.jpg\",\"datePublished\":\"2022-11-08T12:14:46+00:00\",\"dateModified\":\"2023-01-16T10:55:57+00:00\",\"breadcrumb\":{\"@id\":\"https:\\\/\\\/hortnext.webs.upv.es\\\/index.php\\\/miembros\\\/#breadcrumb\"},\"inLanguage\":\"es\",\"potentialAction\":[{\"@type\":\"ReadAction\",\"target\":[\"https:\\\/\\\/hortnext.webs.upv.es\\\/index.php\\\/miembros\\\/\"]}]},{\"@type\":\"ImageObject\",\"inLanguage\":\"es\",\"@id\":\"https:\\\/\\\/hortnext.webs.upv.es\\\/index.php\\\/miembros\\\/#primaryimage\",\"url\":\"https:\\\/\\\/hortnext.webs.upv.es\\\/wp-content\\\/uploads\\\/2023\\\/01\\\/Diego-Moreno-2022-LabFAS-2.jpg\",\"contentUrl\":\"https:\\\/\\\/hortnext.webs.upv.es\\\/wp-content\\\/uploads\\\/2023\\\/01\\\/Diego-Moreno-2022-LabFAS-2.jpg\",\"width\":443,\"height\":591},{\"@type\":\"BreadcrumbList\",\"@id\":\"https:\\\/\\\/hortnext.webs.upv.es\\\/index.php\\\/miembros\\\/#breadcrumb\",\"itemListElement\":[{\"@type\":\"ListItem\",\"position\":1,\"name\":\"Portada\",\"item\":\"https:\\\/\\\/hortnext.webs.upv.es\\\/\"},{\"@type\":\"ListItem\",\"position\":2,\"name\":\"Miembros\"}]},{\"@type\":\"WebSite\",\"@id\":\"https:\\\/\\\/hortnext.webs.upv.es\\\/#website\",\"url\":\"https:\\\/\\\/hortnext.webs.upv.es\\\/\",\"name\":\"HortNext\",\"description\":\"Horticultura sostenible, resiliente y saludable a trav\u00e9s del uso de portainjertos y rotaciones de especies de alto valor y nuevos usos de hort\u00edcolas infrautilizadas\",\"publisher\":{\"@id\":\"https:\\\/\\\/hortnext.webs.upv.es\\\/#organization\"},\"potentialAction\":[{\"@type\":\"SearchAction\",\"target\":{\"@type\":\"EntryPoint\",\"urlTemplate\":\"https:\\\/\\\/hortnext.webs.upv.es\\\/?s={search_term_string}\"},\"query-input\":{\"@type\":\"PropertyValueSpecification\",\"valueRequired\":true,\"valueName\":\"search_term_string\"}}],\"inLanguage\":\"es\"},{\"@type\":\"Organization\",\"@id\":\"https:\\\/\\\/hortnext.webs.upv.es\\\/#organization\",\"name\":\"HortNext\",\"url\":\"https:\\\/\\\/hortnext.webs.upv.es\\\/\",\"logo\":{\"@type\":\"ImageObject\",\"inLanguage\":\"es\",\"@id\":\"https:\\\/\\\/hortnext.webs.upv.es\\\/#\\\/schema\\\/logo\\\/image\\\/\",\"url\":\"https:\\\/\\\/hortnext.webs.upv.es\\\/wp-content\\\/uploads\\\/2022\\\/12\\\/HortNext-Icon-fococlipping-standard.png\",\"contentUrl\":\"https:\\\/\\\/hortnext.webs.upv.es\\\/wp-content\\\/uploads\\\/2022\\\/12\\\/HortNext-Icon-fococlipping-standard.png\",\"width\":256,\"height\":254,\"caption\":\"HortNext\"},\"image\":{\"@id\":\"https:\\\/\\\/hortnext.webs.upv.es\\\/#\\\/schema\\\/logo\\\/image\\\/\"},\"sameAs\":[\"https:\\\/\\\/x.com\\\/hortnext\",\"https:\\\/\\\/www.instagram.com\\\/hortnext\\\/\"]}]}<\/script>\n<!-- \/ Yoast SEO plugin. -->","yoast_head_json":{"title":"Miembros &#8211; HortNext","robots":{"index":"index","follow":"follow","max-snippet":"max-snippet:-1","max-image-preview":"max-image-preview:large","max-video-preview":"max-video-preview:-1"},"canonical":"https:\/\/hortnext.webs.upv.es\/index.php\/miembros\/","og_locale":"es_ES","og_type":"article","og_title":"Miembros &#8211; HortNext","og_description":"Diego \u00c1ngel Moreno Fern\u00e1ndez CEBAS-CSIC. Lab. Fitoqu\u00edmica y Alimentos Saludables, Dpto. Ciencia y Tecnolog\u00eda de Alimentos Doctor en Ciencias Biol\u00f3gicas por la Universidad de Granada (2000), en Fisiolog\u00eda Vegetal. Becario Postdoctoral MECD-FullBright en EEUU (Rutgers University, NJ, 2001-2003) y Asociado Postdoctoral (2003-2004) para realizar investigaciones sobre Fito-terap\u00e9uticos Anti-Obesidad tambi\u00e9n en la Universidad de Rutgers \u2013 [&hellip;]","og_url":"https:\/\/hortnext.webs.upv.es\/index.php\/miembros\/","og_site_name":"HortNext","article_modified_time":"2023-01-16T10:55:57+00:00","og_image":[{"url":"https:\/\/hortnext.webs.upv.es\/wp-content\/uploads\/2023\/01\/Diego-Moreno-2022-LabFAS-2.jpg","type":"","width":"","height":""}],"twitter_card":"summary_large_image","twitter_site":"@hortnext","twitter_misc":{"Tiempo de lectura":"3 minutos"},"schema":{"@context":"https:\/\/schema.org","@graph":[{"@type":"WebPage","@id":"https:\/\/hortnext.webs.upv.es\/index.php\/miembros\/","url":"https:\/\/hortnext.webs.upv.es\/index.php\/miembros\/","name":"Miembros &#8211; HortNext","isPartOf":{"@id":"https:\/\/hortnext.webs.upv.es\/#website"},"primaryImageOfPage":{"@id":"https:\/\/hortnext.webs.upv.es\/index.php\/miembros\/#primaryimage"},"image":{"@id":"https:\/\/hortnext.webs.upv.es\/index.php\/miembros\/#primaryimage"},"thumbnailUrl":"https:\/\/hortnext.webs.upv.es\/wp-content\/uploads\/2023\/01\/Diego-Moreno-2022-LabFAS-2.jpg","datePublished":"2022-11-08T12:14:46+00:00","dateModified":"2023-01-16T10:55:57+00:00","breadcrumb":{"@id":"https:\/\/hortnext.webs.upv.es\/index.php\/miembros\/#breadcrumb"},"inLanguage":"es","potentialAction":[{"@type":"ReadAction","target":["https:\/\/hortnext.webs.upv.es\/index.php\/miembros\/"]}]},{"@type":"ImageObject","inLanguage":"es","@id":"https:\/\/hortnext.webs.upv.es\/index.php\/miembros\/#primaryimage","url":"https:\/\/hortnext.webs.upv.es\/wp-content\/uploads\/2023\/01\/Diego-Moreno-2022-LabFAS-2.jpg","contentUrl":"https:\/\/hortnext.webs.upv.es\/wp-content\/uploads\/2023\/01\/Diego-Moreno-2022-LabFAS-2.jpg","width":443,"height":591},{"@type":"BreadcrumbList","@id":"https:\/\/hortnext.webs.upv.es\/index.php\/miembros\/#breadcrumb","itemListElement":[{"@type":"ListItem","position":1,"name":"Portada","item":"https:\/\/hortnext.webs.upv.es\/"},{"@type":"ListItem","position":2,"name":"Miembros"}]},{"@type":"WebSite","@id":"https:\/\/hortnext.webs.upv.es\/#website","url":"https:\/\/hortnext.webs.upv.es\/","name":"HortNext","description":"Horticultura sostenible, resiliente y saludable a trav\u00e9s del uso de portainjertos y rotaciones de especies de alto valor y nuevos usos de hort\u00edcolas infrautilizadas","publisher":{"@id":"https:\/\/hortnext.webs.upv.es\/#organization"},"potentialAction":[{"@type":"SearchAction","target":{"@type":"EntryPoint","urlTemplate":"https:\/\/hortnext.webs.upv.es\/?s={search_term_string}"},"query-input":{"@type":"PropertyValueSpecification","valueRequired":true,"valueName":"search_term_string"}}],"inLanguage":"es"},{"@type":"Organization","@id":"https:\/\/hortnext.webs.upv.es\/#organization","name":"HortNext","url":"https:\/\/hortnext.webs.upv.es\/","logo":{"@type":"ImageObject","inLanguage":"es","@id":"https:\/\/hortnext.webs.upv.es\/#\/schema\/logo\/image\/","url":"https:\/\/hortnext.webs.upv.es\/wp-content\/uploads\/2022\/12\/HortNext-Icon-fococlipping-standard.png","contentUrl":"https:\/\/hortnext.webs.upv.es\/wp-content\/uploads\/2022\/12\/HortNext-Icon-fococlipping-standard.png","width":256,"height":254,"caption":"HortNext"},"image":{"@id":"https:\/\/hortnext.webs.upv.es\/#\/schema\/logo\/image\/"},"sameAs":["https:\/\/x.com\/hortnext","https:\/\/www.instagram.com\/hortnext\/"]}]}},"uagb_featured_image_src":{"full":false,"thumbnail":false,"medium":false,"medium_large":false,"large":false,"1536x1536":false,"2048x2048":false},"uagb_author_info":{"display_name":"admin","author_link":"https:\/\/hortnext.webs.upv.es\/index.php\/author\/ejprerod\/"},"uagb_comment_info":0,"uagb_excerpt":"Diego \u00c1ngel Moreno Fern\u00e1ndez CEBAS-CSIC. Lab. Fitoqu\u00edmica y Alimentos Saludables, Dpto. Ciencia y Tecnolog\u00eda de Alimentos Doctor en Ciencias Biol\u00f3gicas por la Universidad de Granada (2000), en Fisiolog\u00eda Vegetal. Becario Postdoctoral MECD-FullBright en EEUU (Rutgers University, NJ, 2001-2003) y Asociado Postdoctoral (2003-2004) para realizar investigaciones sobre Fito-terap\u00e9uticos Anti-Obesidad tambi\u00e9n en la Universidad de Rutgers \u2013&hellip;","_links":{"self":[{"href":"https:\/\/hortnext.webs.upv.es\/index.php\/wp-json\/wp\/v2\/pages\/459","targetHints":{"allow":["GET"]}}],"collection":[{"href":"https:\/\/hortnext.webs.upv.es\/index.php\/wp-json\/wp\/v2\/pages"}],"about":[{"href":"https:\/\/hortnext.webs.upv.es\/index.php\/wp-json\/wp\/v2\/types\/page"}],"author":[{"embeddable":true,"href":"https:\/\/hortnext.webs.upv.es\/index.php\/wp-json\/wp\/v2\/users\/1"}],"replies":[{"embeddable":true,"href":"https:\/\/hortnext.webs.upv.es\/index.php\/wp-json\/wp\/v2\/comments?post=459"}],"version-history":[{"count":4,"href":"https:\/\/hortnext.webs.upv.es\/index.php\/wp-json\/wp\/v2\/pages\/459\/revisions"}],"predecessor-version":[{"id":581,"href":"https:\/\/hortnext.webs.upv.es\/index.php\/wp-json\/wp\/v2\/pages\/459\/revisions\/581"}],"wp:attachment":[{"href":"https:\/\/hortnext.webs.upv.es\/index.php\/wp-json\/wp\/v2\/media?parent=459"}],"curies":[{"name":"wp","href":"https:\/\/api.w.org\/{rel}","templated":true}]}}