{"id":416,"date":"2020-09-15T06:49:03","date_gmt":"2020-09-15T06:49:03","guid":{"rendered":"https:\/\/hortnext.webs.upv.es\/index.php\/contact\/"},"modified":"2023-01-16T11:04:39","modified_gmt":"2023-01-16T11:04:39","slug":"contact","status":"publish","type":"page","link":"https:\/\/hortnext.webs.upv.es\/index.php\/contact\/","title":{"rendered":"ContactO"},"content":{"rendered":"\n<div class=\"wp-block-uagb-container uagb-block-bc7501eb alignfull uagb-is-root-container\"><div class=\"uagb-container-inner-blocks-wrap\">\n<div class=\"wp-block-uagb-advanced-heading uagb-block-3357d381\"><h1 class=\"uagb-heading-text\">Cont\u00c1ctanos<\/h1><\/div>\n<\/div><\/div>\n\n\n\n<div class=\"wp-block-uagb-container uagb-block-9e0a39ba alignfull uagb-is-root-container\"><div class=\"uagb-container-inner-blocks-wrap\">\n<div class=\"wp-block-uagb-container uagb-block-da950b13\">\n<div class=\"wp-block-uagb-advanced-heading uagb-block-e5ae622f\"><h2 class=\"uagb-heading-text\">Hablemos&#8230;<\/h2><\/div>\n\n\n<div class=\"wpforms-container wpforms-block\" id=\"wpforms-6\"><form id=\"wpforms-form-6\" class=\"wpforms-validate wpforms-form\" data-formid=\"6\" method=\"post\" enctype=\"multipart\/form-data\" action=\"\/index.php\/wp-json\/wp\/v2\/pages\/416\" data-token=\"55419e3e1e791094cd261ed3619fac52\" data-token-time=\"1775557615\"><noscript class=\"wpforms-error-noscript\">Por favor, activa JavaScript en tu navegador para completar este formulario.<\/noscript><div class=\"wpforms-field-container\"><div id=\"wpforms-6-field_0-container\" class=\"wpforms-field wpforms-field-name\" data-field-id=\"0\"><label class=\"wpforms-field-label wpforms-label-hide\" for=\"wpforms-6-field_0\">Name <span class=\"wpforms-required-label\">*<\/span><\/label><input type=\"text\" id=\"wpforms-6-field_0\" class=\"wpforms-field-large wpforms-field-required\" name=\"wpforms[fields][0]\" placeholder=\"Your Name\" required><\/div><div id=\"wpforms-6-field_1-container\" class=\"wpforms-field wpforms-field-email\" data-field-id=\"1\"><label class=\"wpforms-field-label wpforms-label-hide\" for=\"wpforms-6-field_1\">Email <span class=\"wpforms-required-label\">*<\/span><\/label><input type=\"email\" id=\"wpforms-6-field_1\" class=\"wpforms-field-large wpforms-field-required\" name=\"wpforms[fields][1]\" placeholder=\"Email Address\" spellcheck=\"false\" required><\/div><div id=\"wpforms-6-field_2-container\" class=\"wpforms-field wpforms-field-textarea\" data-field-id=\"2\"><label class=\"wpforms-field-label wpforms-label-hide\" for=\"wpforms-6-field_2\">Message <span class=\"wpforms-required-label\">*<\/span><\/label><textarea id=\"wpforms-6-field_2\" class=\"wpforms-field-medium wpforms-field-required\" name=\"wpforms[fields][2]\" placeholder=\"Message\" required><\/textarea><\/div><\/div><!-- .wpforms-field-container --><div class=\"wpforms-field wpforms-field-hp\"><label for=\"wpforms-6-field-hp\" class=\"wpforms-field-label\">Comment<\/label><input type=\"text\" name=\"wpforms[hp]\" id=\"wpforms-6-field-hp\" class=\"wpforms-field-medium\"><\/div><div class=\"wpforms-submit-container\" ><input type=\"hidden\" name=\"wpforms[id]\" value=\"6\"><input type=\"hidden\" name=\"page_title\" value=\"\"><input type=\"hidden\" name=\"page_url\" value=\"https:\/\/hortnext.webs.upv.es\/index.php\/wp-json\/wp\/v2\/pages\/416\"><input type=\"hidden\" name=\"url_referer\" value=\"\"><button type=\"submit\" name=\"wpforms[submit]\" id=\"wpforms-submit-6\" class=\"wpforms-submit\" data-alt-text=\"Sending...\" data-submit-text=\"Send Message\" aria-live=\"assertive\" value=\"wpforms-submit\">Send Message<\/button><\/div><\/form><\/div>  <!-- .wpforms-container --><\/div>\n\n\n\n<div class=\"wp-block-uagb-container uagb-block-17369112\">\n<div class=\"wp-block-uagb-advanced-heading uagb-block-adab8884\"><h2 class=\"uagb-heading-text\">Informaci\u00f3n de contacto<\/h2><\/div>\n\n\n\n<div class=\"wp-block-uagb-advanced-heading uagb-block-714625a2\"><h5 class=\"uagb-heading-text\">Direcci\u00f3n<\/h5><p class=\"uagb-desc-text\">Cam\u00ed de Vera, s\/n, 46022 Val\u00e8ncia<\/p><\/div>\n\n\n\n<div class=\"wp-block-uagb-advanced-heading uagb-block-936bc781\"><h5 class=\"uagb-heading-text\">Correo electr\u00f3nico<\/h5><p class=\"uagb-desc-text\">hortnext@gmail.com<\/p><\/div>\n\n\n\n<div class=\"wp-block-uagb-advanced-heading uagb-block-946571eb\"><h5 class=\"uagb-heading-text\">Tel\u00e9fono<\/h5><p class=\"uagb-desc-text\">+34 675 02 48 15<\/p><\/div>\n\n\n\n<div class=\"wp-block-uagb-advanced-heading uagb-block-a790c47c\"><h5 class=\"uagb-heading-text\">S\u00edguenos<\/h5><\/div>\n\n\n\n<div class=\"wp-block-uagb-social-share uagb-social-share__outer-wrap uagb-social-share__layout-horizontal uagb-block-df249f60\">\n<div class=\"wp-block-uagb-social-share-child uagb-ss-repeater uagb-ss__wrapper uagb-block-fd7b1eed\"><a class=\"uagb-ss__link\" data-href=\"https:\/\/www.facebook.com\/sharer.php?u=\" rel=\"noopener noreferrer\"><span class=\"uagb-ss__source-wrap\"><span class=\"uagb-ss__source-icon\"><svg xmlns=\"https:\/\/www.w3.org\/2000\/svg\" viewBox=\"0 0 320 512\"><path d=\"M279.1 288l14.22-92.66h-88.91v-60.13c0-25.35 12.42-50.06 52.24-50.06h40.42V6.26S260.4 0 225.4 0c-73.22 0-121.1 44.38-121.1 124.7v70.62H22.89V288h81.39v224h100.2V288z\"><\/path><\/svg><\/span><\/span><\/a><\/div>\n\n\n\n<div class=\"wp-block-uagb-social-share-child uagb-ss-repeater uagb-ss__wrapper uagb-block-36c604f6\"><a class=\"uagb-ss__link\" data-href=\"https:\/\/twitter.com\/share?url=\" rel=\"noopener noreferrer\"><span class=\"uagb-ss__source-wrap\"><span class=\"uagb-ss__source-icon\"><svg xmlns=\"https:\/\/www.w3.org\/2000\/svg\" viewBox=\"0 0 512 512\"><path d=\"M459.4 151.7c.325 4.548 .325 9.097 .325 13.65 0 138.7-105.6 298.6-298.6 298.6-59.45 0-114.7-17.22-161.1-47.11 8.447 .974 16.57 1.299 25.34 1.299 49.06 0 94.21-16.57 130.3-44.83-46.13-.975-84.79-31.19-98.11-72.77 6.498 .974 12.99 1.624 19.82 1.624 9.421 0 18.84-1.3 27.61-3.573-48.08-9.747-84.14-51.98-84.14-102.1v-1.299c13.97 7.797 30.21 12.67 47.43 13.32-28.26-18.84-46.78-51.01-46.78-87.39 0-19.49 5.197-37.36 14.29-52.95 51.65 63.67 129.3 105.3 216.4 109.8-1.624-7.797-2.599-15.92-2.599-24.04 0-57.83 46.78-104.9 104.9-104.9 30.21 0 57.5 12.67 76.67 33.14 23.72-4.548 46.46-13.32 66.6-25.34-7.798 24.37-24.37 44.83-46.13 57.83 21.12-2.273 41.58-8.122 60.43-16.24-14.29 20.79-32.16 39.31-52.63 54.25z\"><\/path><\/svg><\/span><\/span><\/a><\/div>\n\n\n\n<div class=\"wp-block-uagb-social-share-child uagb-ss-repeater uagb-ss__wrapper uagb-block-9c27c048\"><a class=\"uagb-ss__link\" data-href=\"https:\/\/plus.google.com\/share?url=\" rel=\"noopener noreferrer\"><span class=\"uagb-ss__source-wrap\"><span class=\"uagb-ss__source-icon\"><svg xmlns=\"https:\/\/www.w3.org\/2000\/svg\" viewBox=\"0 0 576 512\"><path d=\"M549.7 124.1c-6.281-23.65-24.79-42.28-48.28-48.6C458.8 64 288 64 288 64S117.2 64 74.63 75.49c-23.5 6.322-42 24.95-48.28 48.6-11.41 42.87-11.41 132.3-11.41 132.3s0 89.44 11.41 132.3c6.281 23.65 24.79 41.5 48.28 47.82C117.2 448 288 448 288 448s170.8 0 213.4-11.49c23.5-6.321 42-24.17 48.28-47.82 11.41-42.87 11.41-132.3 11.41-132.3s0-89.44-11.41-132.3zm-317.5 213.5V175.2l142.7 81.21-142.7 81.2z\"><\/path><\/svg><\/span><\/span><\/a><\/div>\n<\/div>\n<\/div>\n<\/div><\/div>\n","protected":false},"excerpt":{"rendered":"<p>Cont\u00c1ctanos Hablemos&#8230; Informaci\u00f3n de contacto Direcci\u00f3n Cam\u00ed de Vera, s\/n, 46022 Val\u00e8ncia Correo electr\u00f3nico hortnext@gmail.com Tel\u00e9fono +34 675 02 48 15 S\u00edguenos<\/p>\n","protected":false},"author":1,"featured_media":0,"parent":0,"menu_order":0,"comment_status":"closed","ping_status":"closed","template":"","meta":{"_uag_custom_page_level_css":"","site-sidebar-layout":"no-sidebar","site-content-layout":"plain-container","ast-site-content-layout":"default","site-content-style":"default","site-sidebar-style":"default","ast-global-header-display":"","ast-banner-title-visibility":"","ast-main-header-display":"","ast-hfb-above-header-display":"","ast-hfb-below-header-display":"","ast-hfb-mobile-header-display":"","site-post-title":"disabled","ast-breadcrumbs-content":"","ast-featured-img":"","footer-sml-layout":"","ast-disable-related-posts":"","theme-transparent-header-meta":"enabled","adv-header-id-meta":"","stick-header-meta":"","header-above-stick-meta":"","header-main-stick-meta":"","header-below-stick-meta":"","astra-migrate-meta-layouts":"default","ast-page-background-enabled":"default","ast-page-background-meta":{"desktop":{"background-color":"","background-image":"","background-repeat":"repeat","background-position":"center center","background-size":"auto","background-attachment":"scroll","background-type":"","background-media":"","overlay-type":"","overlay-color":"","overlay-opacity":"","overlay-gradient":""},"tablet":{"background-color":"","background-image":"","background-repeat":"repeat","background-position":"center center","background-size":"auto","background-attachment":"scroll","background-type":"","background-media":"","overlay-type":"","overlay-color":"","overlay-opacity":"","overlay-gradient":""},"mobile":{"background-color":"","background-image":"","background-repeat":"repeat","background-position":"center center","background-size":"auto","background-attachment":"scroll","background-type":"","background-media":"","overlay-type":"","overlay-color":"","overlay-opacity":"","overlay-gradient":""}},"ast-content-background-meta":{"desktop":{"background-color":"var(--ast-global-color-5)","background-image":"","background-repeat":"repeat","background-position":"center center","background-size":"auto","background-attachment":"scroll","background-type":"","background-media":"","overlay-type":"","overlay-color":"","overlay-opacity":"","overlay-gradient":""},"tablet":{"background-color":"var(--ast-global-color-5)","background-image":"","background-repeat":"repeat","background-position":"center center","background-size":"auto","background-attachment":"scroll","background-type":"","background-media":"","overlay-type":"","overlay-color":"","overlay-opacity":"","overlay-gradient":""},"mobile":{"background-color":"var(--ast-global-color-5)","background-image":"","background-repeat":"repeat","background-position":"center center","background-size":"auto","background-attachment":"scroll","background-type":"","background-media":"","overlay-type":"","overlay-color":"","overlay-opacity":"","overlay-gradient":""}},"footnotes":""},"class_list":["post-416","page","type-page","status-publish","hentry"],"yoast_head":"<!-- This site is optimized with the Yoast SEO plugin v27.3 - https:\/\/yoast.com\/product\/yoast-seo-wordpress\/ -->\n<title>ContactO &#8211; HortNext<\/title>\n<meta name=\"robots\" content=\"index, follow, max-snippet:-1, max-image-preview:large, max-video-preview:-1\" \/>\n<link rel=\"canonical\" href=\"https:\/\/hortnext.webs.upv.es\/index.php\/contact\/\" \/>\n<meta property=\"og:locale\" content=\"es_ES\" \/>\n<meta property=\"og:type\" content=\"article\" \/>\n<meta property=\"og:title\" content=\"ContactO &#8211; HortNext\" \/>\n<meta property=\"og:description\" content=\"Cont\u00c1ctanos Hablemos&#8230; Informaci\u00f3n de contacto Direcci\u00f3n Cam\u00ed de Vera, s\/n, 46022 Val\u00e8ncia Correo electr\u00f3nico hortnext@gmail.com Tel\u00e9fono +34 675 02 48 15 S\u00edguenos\" \/>\n<meta property=\"og:url\" content=\"https:\/\/hortnext.webs.upv.es\/index.php\/contact\/\" \/>\n<meta property=\"og:site_name\" content=\"HortNext\" \/>\n<meta property=\"article:modified_time\" content=\"2023-01-16T11:04:39+00:00\" \/>\n<meta property=\"og:image\" content=\"https:\/\/hortnext.webs.upv.es\/wp-content\/uploads\/2023\/03\/cropped-image-2-1.png\" \/>\n\t<meta property=\"og:image:width\" content=\"225\" \/>\n\t<meta property=\"og:image:height\" content=\"78\" \/>\n\t<meta property=\"og:image:type\" content=\"image\/png\" \/>\n<meta name=\"twitter:card\" content=\"summary_large_image\" \/>\n<meta name=\"twitter:site\" content=\"@hortnext\" \/>\n<meta name=\"twitter:label1\" content=\"Tiempo de lectura\" \/>\n\t<meta name=\"twitter:data1\" content=\"1 minuto\" \/>\n<script type=\"application\/ld+json\" class=\"yoast-schema-graph\">{\"@context\":\"https:\\\/\\\/schema.org\",\"@graph\":[{\"@type\":\"WebPage\",\"@id\":\"https:\\\/\\\/hortnext.webs.upv.es\\\/index.php\\\/contact\\\/\",\"url\":\"https:\\\/\\\/hortnext.webs.upv.es\\\/index.php\\\/contact\\\/\",\"name\":\"ContactO &#8211; HortNext\",\"isPartOf\":{\"@id\":\"https:\\\/\\\/hortnext.webs.upv.es\\\/#website\"},\"datePublished\":\"2020-09-15T06:49:03+00:00\",\"dateModified\":\"2023-01-16T11:04:39+00:00\",\"breadcrumb\":{\"@id\":\"https:\\\/\\\/hortnext.webs.upv.es\\\/index.php\\\/contact\\\/#breadcrumb\"},\"inLanguage\":\"es\",\"potentialAction\":[{\"@type\":\"ReadAction\",\"target\":[\"https:\\\/\\\/hortnext.webs.upv.es\\\/index.php\\\/contact\\\/\"]}]},{\"@type\":\"BreadcrumbList\",\"@id\":\"https:\\\/\\\/hortnext.webs.upv.es\\\/index.php\\\/contact\\\/#breadcrumb\",\"itemListElement\":[{\"@type\":\"ListItem\",\"position\":1,\"name\":\"Portada\",\"item\":\"https:\\\/\\\/hortnext.webs.upv.es\\\/\"},{\"@type\":\"ListItem\",\"position\":2,\"name\":\"ContactO\"}]},{\"@type\":\"WebSite\",\"@id\":\"https:\\\/\\\/hortnext.webs.upv.es\\\/#website\",\"url\":\"https:\\\/\\\/hortnext.webs.upv.es\\\/\",\"name\":\"HortNext\",\"description\":\"Horticultura sostenible, resiliente y saludable a trav\u00e9s del uso de portainjertos y rotaciones de especies de alto valor y nuevos usos de hort\u00edcolas infrautilizadas\",\"publisher\":{\"@id\":\"https:\\\/\\\/hortnext.webs.upv.es\\\/#organization\"},\"potentialAction\":[{\"@type\":\"SearchAction\",\"target\":{\"@type\":\"EntryPoint\",\"urlTemplate\":\"https:\\\/\\\/hortnext.webs.upv.es\\\/?s={search_term_string}\"},\"query-input\":{\"@type\":\"PropertyValueSpecification\",\"valueRequired\":true,\"valueName\":\"search_term_string\"}}],\"inLanguage\":\"es\"},{\"@type\":\"Organization\",\"@id\":\"https:\\\/\\\/hortnext.webs.upv.es\\\/#organization\",\"name\":\"HortNext\",\"url\":\"https:\\\/\\\/hortnext.webs.upv.es\\\/\",\"logo\":{\"@type\":\"ImageObject\",\"inLanguage\":\"es\",\"@id\":\"https:\\\/\\\/hortnext.webs.upv.es\\\/#\\\/schema\\\/logo\\\/image\\\/\",\"url\":\"https:\\\/\\\/hortnext.webs.upv.es\\\/wp-content\\\/uploads\\\/2022\\\/12\\\/HortNext-Icon-fococlipping-standard.png\",\"contentUrl\":\"https:\\\/\\\/hortnext.webs.upv.es\\\/wp-content\\\/uploads\\\/2022\\\/12\\\/HortNext-Icon-fococlipping-standard.png\",\"width\":256,\"height\":254,\"caption\":\"HortNext\"},\"image\":{\"@id\":\"https:\\\/\\\/hortnext.webs.upv.es\\\/#\\\/schema\\\/logo\\\/image\\\/\"},\"sameAs\":[\"https:\\\/\\\/x.com\\\/hortnext\",\"https:\\\/\\\/www.instagram.com\\\/hortnext\\\/\"]}]}<\/script>\n<!-- \/ Yoast SEO plugin. -->","yoast_head_json":{"title":"ContactO &#8211; HortNext","robots":{"index":"index","follow":"follow","max-snippet":"max-snippet:-1","max-image-preview":"max-image-preview:large","max-video-preview":"max-video-preview:-1"},"canonical":"https:\/\/hortnext.webs.upv.es\/index.php\/contact\/","og_locale":"es_ES","og_type":"article","og_title":"ContactO &#8211; HortNext","og_description":"Cont\u00c1ctanos Hablemos&#8230; Informaci\u00f3n de contacto Direcci\u00f3n Cam\u00ed de Vera, s\/n, 46022 Val\u00e8ncia Correo electr\u00f3nico hortnext@gmail.com Tel\u00e9fono +34 675 02 48 15 S\u00edguenos","og_url":"https:\/\/hortnext.webs.upv.es\/index.php\/contact\/","og_site_name":"HortNext","article_modified_time":"2023-01-16T11:04:39+00:00","og_image":[{"width":225,"height":78,"url":"https:\/\/hortnext.webs.upv.es\/wp-content\/uploads\/2023\/03\/cropped-image-2-1.png","type":"image\/png"}],"twitter_card":"summary_large_image","twitter_site":"@hortnext","twitter_misc":{"Tiempo de lectura":"1 minuto"},"schema":{"@context":"https:\/\/schema.org","@graph":[{"@type":"WebPage","@id":"https:\/\/hortnext.webs.upv.es\/index.php\/contact\/","url":"https:\/\/hortnext.webs.upv.es\/index.php\/contact\/","name":"ContactO &#8211; HortNext","isPartOf":{"@id":"https:\/\/hortnext.webs.upv.es\/#website"},"datePublished":"2020-09-15T06:49:03+00:00","dateModified":"2023-01-16T11:04:39+00:00","breadcrumb":{"@id":"https:\/\/hortnext.webs.upv.es\/index.php\/contact\/#breadcrumb"},"inLanguage":"es","potentialAction":[{"@type":"ReadAction","target":["https:\/\/hortnext.webs.upv.es\/index.php\/contact\/"]}]},{"@type":"BreadcrumbList","@id":"https:\/\/hortnext.webs.upv.es\/index.php\/contact\/#breadcrumb","itemListElement":[{"@type":"ListItem","position":1,"name":"Portada","item":"https:\/\/hortnext.webs.upv.es\/"},{"@type":"ListItem","position":2,"name":"ContactO"}]},{"@type":"WebSite","@id":"https:\/\/hortnext.webs.upv.es\/#website","url":"https:\/\/hortnext.webs.upv.es\/","name":"HortNext","description":"Horticultura sostenible, resiliente y saludable a trav\u00e9s del uso de portainjertos y rotaciones de especies de alto valor y nuevos usos de hort\u00edcolas infrautilizadas","publisher":{"@id":"https:\/\/hortnext.webs.upv.es\/#organization"},"potentialAction":[{"@type":"SearchAction","target":{"@type":"EntryPoint","urlTemplate":"https:\/\/hortnext.webs.upv.es\/?s={search_term_string}"},"query-input":{"@type":"PropertyValueSpecification","valueRequired":true,"valueName":"search_term_string"}}],"inLanguage":"es"},{"@type":"Organization","@id":"https:\/\/hortnext.webs.upv.es\/#organization","name":"HortNext","url":"https:\/\/hortnext.webs.upv.es\/","logo":{"@type":"ImageObject","inLanguage":"es","@id":"https:\/\/hortnext.webs.upv.es\/#\/schema\/logo\/image\/","url":"https:\/\/hortnext.webs.upv.es\/wp-content\/uploads\/2022\/12\/HortNext-Icon-fococlipping-standard.png","contentUrl":"https:\/\/hortnext.webs.upv.es\/wp-content\/uploads\/2022\/12\/HortNext-Icon-fococlipping-standard.png","width":256,"height":254,"caption":"HortNext"},"image":{"@id":"https:\/\/hortnext.webs.upv.es\/#\/schema\/logo\/image\/"},"sameAs":["https:\/\/x.com\/hortnext","https:\/\/www.instagram.com\/hortnext\/"]}]}},"uagb_featured_image_src":{"full":false,"thumbnail":false,"medium":false,"medium_large":false,"large":false,"1536x1536":false,"2048x2048":false},"uagb_author_info":{"display_name":"admin","author_link":"https:\/\/hortnext.webs.upv.es\/index.php\/author\/ejprerod\/"},"uagb_comment_info":0,"uagb_excerpt":"Cont\u00c1ctanos Hablemos&#8230; Informaci\u00f3n de contacto Direcci\u00f3n Cam\u00ed de Vera, s\/n, 46022 Val\u00e8ncia Correo electr\u00f3nico hortnext@gmail.com Tel\u00e9fono +34 675 02 48 15 S\u00edguenos","_links":{"self":[{"href":"https:\/\/hortnext.webs.upv.es\/index.php\/wp-json\/wp\/v2\/pages\/416","targetHints":{"allow":["GET"]}}],"collection":[{"href":"https:\/\/hortnext.webs.upv.es\/index.php\/wp-json\/wp\/v2\/pages"}],"about":[{"href":"https:\/\/hortnext.webs.upv.es\/index.php\/wp-json\/wp\/v2\/types\/page"}],"author":[{"embeddable":true,"href":"https:\/\/hortnext.webs.upv.es\/index.php\/wp-json\/wp\/v2\/users\/1"}],"replies":[{"embeddable":true,"href":"https:\/\/hortnext.webs.upv.es\/index.php\/wp-json\/wp\/v2\/comments?post=416"}],"version-history":[{"count":4,"href":"https:\/\/hortnext.webs.upv.es\/index.php\/wp-json\/wp\/v2\/pages\/416\/revisions"}],"predecessor-version":[{"id":669,"href":"https:\/\/hortnext.webs.upv.es\/index.php\/wp-json\/wp\/v2\/pages\/416\/revisions\/669"}],"wp:attachment":[{"href":"https:\/\/hortnext.webs.upv.es\/index.php\/wp-json\/wp\/v2\/media?parent=416"}],"curies":[{"name":"wp","href":"https:\/\/api.w.org\/{rel}","templated":true}]}}