{"id":413,"date":"2020-09-15T06:48:29","date_gmt":"2020-09-15T06:48:29","guid":{"rendered":"https:\/\/hortnext.webs.upv.es\/index.php\/about\/"},"modified":"2023-03-10T12:28:06","modified_gmt":"2023-03-10T12:28:06","slug":"about","status":"publish","type":"page","link":"https:\/\/hortnext.webs.upv.es\/index.php\/about\/","title":{"rendered":"About"},"content":{"rendered":"\n<div class=\"wp-block-uagb-container uagb-block-30adb3b0 alignfull uagb-is-root-container\"><div class=\"uagb-container-inner-blocks-wrap\">\n<div class=\"wp-block-uagb-advanced-heading uagb-block-4a4c4303\"><h1 class=\"uagb-heading-text\">\u00bfqU\u00c9 ES HORTNEXT?<\/h1><\/div>\n<\/div><\/div>\n\n\n\n<div class=\"wp-block-uagb-container uagb-block-91e5d4fa alignfull uagb-is-root-container\"><div class=\"uagb-container-inner-blocks-wrap\">\n<div class=\"wp-block-uagb-container uagb-block-05ec9ea6\">\n<div class=\"wp-block-uagb-advanced-heading uagb-block-b4e7949b\"><h2 class=\"uagb-heading-text\">nUESTRA MISI\u00d3N<\/h2><div class=\"uagb-separator\"><\/div><p class=\"uagb-desc-text\">Trabajamos por mejorar la salud del suelo y reducir los abonos en el cultivo del pimiento a trav\u00e9s de sistemas de rotaci\u00f3n con br\u00e1sicas y uso de patrones de pimiento resistentes<\/p><\/div>\n\n\n\n<p>Queremos asimismo darle relevancia a variados alimentos hort\u00edcolas y darles nuevos usos atractivos<\/p>\n<\/div>\n\n\n\n<div class=\"wp-block-uagb-container uagb-block-bd0bf87c\">\n<div class=\"wp-block-uagb-image uagb-block-08d587a7 wp-block-uagb-image--layout-default wp-block-uagb-image--effect-static wp-block-uagb-image--align-none\"><figure class=\"wp-block-uagb-image__figure\"><img decoding=\"async\" srcset=\"https:\/\/hortnext.webs.upv.es\/wp-content\/uploads\/2023\/03\/photo_2023-03-03_13-05-24-e1678449805852-1024x720.jpg \" src=\"https:\/\/hortnext.webs.upv.es\/wp-content\/uploads\/2023\/03\/photo_2023-03-03_13-05-24-e1678449805852-1024x720.jpg\" alt=\"\" class=\"uag-image-655\" width=\"530\" height=\"344\" title=\"\" loading=\"lazy\"\/><\/figure><\/div>\n<\/div>\n<\/div><\/div>\n\n\n\n<div class=\"wp-block-uagb-container uagb-block-43f74346 alignfull uagb-is-root-container\"><div class=\"uagb-container-inner-blocks-wrap\">\n<div class=\"wp-block-uagb-container uagb-block-8f5c0290\">\n<div class=\"wp-block-uagb-advanced-heading uagb-block-2aa13b7a\"><h4 class=\"uagb-heading-text\">Nuestra experiencia<\/h4><div class=\"uagb-separator\"><\/div><p class=\"uagb-desc-text\">Somos un grupo de 8 investigadores con experiencia en investigaci\u00f3n cient\u00edfica en campos tales como la mejora gen\u00e9tica para estreses abi\u00f3ticos, interacci\u00f3n planta-suelo, entre otros, adem\u00e1s de poseer experiencia en transferencia tecnol\u00f3gica al sector agroalimentario.<br><\/p><\/div>\n<\/div>\n\n\n\n<div class=\"wp-block-uagb-container uagb-block-ec193809\">\n<div class=\"wp-block-uagb-advanced-heading uagb-block-bbc8a5a5\"><h4 class=\"uagb-heading-text\">Cultivos<\/h4><div class=\"uagb-separator\"><\/div><p class=\"uagb-desc-text\">Nos enfocamos en los siguientes cultivos<\/p><\/div>\n\n\n\n<div class=\"wp-block-uagb-icon-list uagb-block-88b2a2e7\"><div class=\"uagb-icon-list__wrap\">\n<div class=\"wp-block-uagb-icon-list-child uagb-block-9dbc4d82\"><span class=\"uagb-icon-list__source-wrap\"><svg xmlns=\"https:\/\/www.w3.org\/2000\/svg\" viewBox=\"0 0 448 512\"><path d=\"M400 288h-352c-17.69 0-32-14.32-32-32.01s14.31-31.99 32-31.99h352c17.69 0 32 14.3 32 31.99S417.7 288 400 288z\"><\/path><\/svg><\/span><span class=\"uagb-icon-list__label\">Pimientos<\/span><\/div>\n\n\n\n<div class=\"wp-block-uagb-icon-list-child uagb-block-dff1096d\"><span class=\"uagb-icon-list__source-wrap\"><svg xmlns=\"https:\/\/www.w3.org\/2000\/svg\" viewBox=\"0 0 448 512\"><path d=\"M400 288h-352c-17.69 0-32-14.32-32-32.01s14.31-31.99 32-31.99h352c17.69 0 32 14.3 32 31.99S417.7 288 400 288z\"><\/path><\/svg><\/span><span class=\"uagb-icon-list__label\">Brassicas<\/span><\/div>\n\n\n\n<div class=\"wp-block-uagb-icon-list-child uagb-block-78950860\"><span class=\"uagb-icon-list__source-wrap\"><svg xmlns=\"https:\/\/www.w3.org\/2000\/svg\" viewBox=\"0 0 448 512\"><path d=\"M400 288h-352c-17.69 0-32-14.32-32-32.01s14.31-31.99 32-31.99h352c17.69 0 32 14.3 32 31.99S417.7 288 400 288z\"><\/path><\/svg><\/span><span class=\"uagb-icon-list__label\">Otras hort\u00edcolas<\/span><\/div>\n<\/div><\/div>\n<\/div>\n<\/div><\/div>\n\n\n\n<div class=\"wp-block-uagb-advanced-heading uagb-block-e60070db\"><h2 class=\"uagb-heading-text\">Principales desaf\u00edos<\/h2><\/div>\n\n\n\n<div class=\"wp-block-group is-content-justification-center is-nowrap is-layout-flex wp-container-core-group-is-layout-19a3e464 wp-block-group-is-layout-flex\" style=\"border-radius:0px\">\n<ul class=\"wp-block-list\">\n<li><strong>A desarrollar m\u00e1s&#8230;<\/strong><\/li>\n\n\n\n<li>Necesidad de transici\u00f3n ecol\u00f3gica<\/li>\n\n\n\n<li>Estreses bi\u00f3ticos (nem\u00e1todos)<\/li>\n\n\n\n<li>Recuperaci\u00f3n de \u201cminas fitoqu\u00edmicas\u201d de alto valor nutrac\u00e9utico y funcional se pueden cultivar en una amplia zona de producci\u00f3n.<\/li>\n<\/ul>\n\n\n\n<figure class=\"wp-block-image size-full is-resized\"><img loading=\"lazy\" decoding=\"async\" src=\"https:\/\/hortnext.webs.upv.es\/wp-content\/uploads\/2023\/03\/Nematodo-M.M-rotated.jpg\" alt=\"\" class=\"wp-image-659\" width=\"167\" height=\"250\"\/><\/figure>\n\n\n\n<figure class=\"wp-block-image size-large is-resized\"><img loading=\"lazy\" decoding=\"async\" src=\"https:\/\/hortnext.webs.upv.es\/wp-content\/uploads\/2023\/03\/Detalle-de-amarilleo-en-la-copa-de-una-planta-de-pimiento-1024x768.jpg\" alt=\"\" class=\"wp-image-660\" width=\"340\" height=\"250\"\/><\/figure>\n<\/div>\n","protected":false},"excerpt":{"rendered":"<p>\u00bfqU\u00c9 ES HORTNEXT? nUESTRA MISI\u00d3N Trabajamos por mejorar la salud del suelo y reducir los abonos en el cultivo del pimiento a trav\u00e9s de sistemas de rotaci\u00f3n con br\u00e1sicas y uso de patrones de pimiento resistentes Queremos asimismo darle relevancia a variados alimentos hort\u00edcolas y darles nuevos usos atractivos Nuestra experiencia Somos un grupo de [&hellip;]<\/p>\n","protected":false},"author":1,"featured_media":0,"parent":0,"menu_order":0,"comment_status":"closed","ping_status":"closed","template":"","meta":{"_uag_custom_page_level_css":"","site-sidebar-layout":"no-sidebar","site-content-layout":"plain-container","ast-site-content-layout":"default","site-content-style":"default","site-sidebar-style":"default","ast-global-header-display":"","ast-banner-title-visibility":"","ast-main-header-display":"","ast-hfb-above-header-display":"","ast-hfb-below-header-display":"","ast-hfb-mobile-header-display":"","site-post-title":"disabled","ast-breadcrumbs-content":"","ast-featured-img":"disabled","footer-sml-layout":"","ast-disable-related-posts":"","theme-transparent-header-meta":"enabled","adv-header-id-meta":"","stick-header-meta":"","header-above-stick-meta":"","header-main-stick-meta":"","header-below-stick-meta":"","astra-migrate-meta-layouts":"default","ast-page-background-enabled":"default","ast-page-background-meta":{"desktop":{"background-color":"","background-image":"","background-repeat":"repeat","background-position":"center center","background-size":"auto","background-attachment":"scroll","background-type":"","background-media":"","overlay-type":"","overlay-color":"","overlay-opacity":"","overlay-gradient":""},"tablet":{"background-color":"","background-image":"","background-repeat":"repeat","background-position":"center center","background-size":"auto","background-attachment":"scroll","background-type":"","background-media":"","overlay-type":"","overlay-color":"","overlay-opacity":"","overlay-gradient":""},"mobile":{"background-color":"","background-image":"","background-repeat":"repeat","background-position":"center center","background-size":"auto","background-attachment":"scroll","background-type":"","background-media":"","overlay-type":"","overlay-color":"","overlay-opacity":"","overlay-gradient":""}},"ast-content-background-meta":{"desktop":{"background-color":"var(--ast-global-color-5)","background-image":"","background-repeat":"repeat","background-position":"center center","background-size":"auto","background-attachment":"scroll","background-type":"","background-media":"","overlay-type":"","overlay-color":"","overlay-opacity":"","overlay-gradient":""},"tablet":{"background-color":"var(--ast-global-color-5)","background-image":"","background-repeat":"repeat","background-position":"center center","background-size":"auto","background-attachment":"scroll","background-type":"","background-media":"","overlay-type":"","overlay-color":"","overlay-opacity":"","overlay-gradient":""},"mobile":{"background-color":"var(--ast-global-color-5)","background-image":"","background-repeat":"repeat","background-position":"center center","background-size":"auto","background-attachment":"scroll","background-type":"","background-media":"","overlay-type":"","overlay-color":"","overlay-opacity":"","overlay-gradient":""}},"footnotes":""},"class_list":["post-413","page","type-page","status-publish","hentry"],"yoast_head":"<!-- This site is optimized with the Yoast SEO plugin v27.3 - https:\/\/yoast.com\/product\/yoast-seo-wordpress\/ -->\n<title>About &#8211; HortNext<\/title>\n<meta name=\"description\" content=\"Trabajamos por mejorar la salud del suelo y reducir los abonos en el cultivo del pimiento a trav\u00e9s de sistemas de rotaci\u00f3n con br\u00e1sicas y uso de patrones de pimiento resistentes. Queremos asimismo darle relevancia a variados alimentos hort\u00edcolas y darles nuevos usos atractivos\" \/>\n<meta name=\"robots\" content=\"index, follow, max-snippet:-1, max-image-preview:large, max-video-preview:-1\" \/>\n<link rel=\"canonical\" href=\"https:\/\/hortnext.webs.upv.es\/index.php\/about\/\" \/>\n<meta property=\"og:locale\" content=\"es_ES\" \/>\n<meta property=\"og:type\" content=\"article\" \/>\n<meta property=\"og:title\" content=\"About &#8211; HortNext\" \/>\n<meta property=\"og:description\" content=\"Trabajamos por mejorar la salud del suelo y reducir los abonos en el cultivo del pimiento a trav\u00e9s de sistemas de rotaci\u00f3n con br\u00e1sicas y uso de patrones de pimiento resistentes. Queremos asimismo darle relevancia a variados alimentos hort\u00edcolas y darles nuevos usos atractivos\" \/>\n<meta property=\"og:url\" content=\"https:\/\/hortnext.webs.upv.es\/index.php\/about\/\" \/>\n<meta property=\"og:site_name\" content=\"HortNext\" \/>\n<meta property=\"article:modified_time\" content=\"2023-03-10T12:28:06+00:00\" \/>\n<meta property=\"og:image\" content=\"https:\/\/hortnext.webs.upv.es\/wp-content\/uploads\/2023\/03\/photo_2023-03-03_13-05-24-e1678449805852-1024x720.jpg\" \/>\n<meta name=\"twitter:card\" content=\"summary_large_image\" \/>\n<meta name=\"twitter:site\" content=\"@hortnext\" \/>\n<meta name=\"twitter:label1\" content=\"Tiempo de lectura\" \/>\n\t<meta name=\"twitter:data1\" content=\"2 minutos\" \/>\n<script type=\"application\/ld+json\" class=\"yoast-schema-graph\">{\"@context\":\"https:\\\/\\\/schema.org\",\"@graph\":[{\"@type\":[\"WebPage\",\"AboutPage\"],\"@id\":\"https:\\\/\\\/hortnext.webs.upv.es\\\/index.php\\\/about\\\/\",\"url\":\"https:\\\/\\\/hortnext.webs.upv.es\\\/index.php\\\/about\\\/\",\"name\":\"About &#8211; HortNext\",\"isPartOf\":{\"@id\":\"https:\\\/\\\/hortnext.webs.upv.es\\\/#website\"},\"primaryImageOfPage\":{\"@id\":\"https:\\\/\\\/hortnext.webs.upv.es\\\/index.php\\\/about\\\/#primaryimage\"},\"image\":{\"@id\":\"https:\\\/\\\/hortnext.webs.upv.es\\\/index.php\\\/about\\\/#primaryimage\"},\"thumbnailUrl\":\"https:\\\/\\\/hortnext.webs.upv.es\\\/wp-content\\\/uploads\\\/2023\\\/03\\\/photo_2023-03-03_13-05-24-e1678449805852-1024x720.jpg\",\"datePublished\":\"2020-09-15T06:48:29+00:00\",\"dateModified\":\"2023-03-10T12:28:06+00:00\",\"description\":\"Trabajamos por mejorar la salud del suelo y reducir los abonos en el cultivo del pimiento a trav\u00e9s de sistemas de rotaci\u00f3n con br\u00e1sicas y uso de patrones de pimiento resistentes. Queremos asimismo darle relevancia a variados alimentos hort\u00edcolas y darles nuevos usos atractivos\",\"breadcrumb\":{\"@id\":\"https:\\\/\\\/hortnext.webs.upv.es\\\/index.php\\\/about\\\/#breadcrumb\"},\"inLanguage\":\"es\",\"potentialAction\":[{\"@type\":\"ReadAction\",\"target\":[\"https:\\\/\\\/hortnext.webs.upv.es\\\/index.php\\\/about\\\/\"]}]},{\"@type\":\"ImageObject\",\"inLanguage\":\"es\",\"@id\":\"https:\\\/\\\/hortnext.webs.upv.es\\\/index.php\\\/about\\\/#primaryimage\",\"url\":\"https:\\\/\\\/hortnext.webs.upv.es\\\/wp-content\\\/uploads\\\/2023\\\/03\\\/photo_2023-03-03_13-05-24-e1678449805852.jpg\",\"contentUrl\":\"https:\\\/\\\/hortnext.webs.upv.es\\\/wp-content\\\/uploads\\\/2023\\\/03\\\/photo_2023-03-03_13-05-24-e1678449805852.jpg\",\"width\":1184,\"height\":832},{\"@type\":\"BreadcrumbList\",\"@id\":\"https:\\\/\\\/hortnext.webs.upv.es\\\/index.php\\\/about\\\/#breadcrumb\",\"itemListElement\":[{\"@type\":\"ListItem\",\"position\":1,\"name\":\"Portada\",\"item\":\"https:\\\/\\\/hortnext.webs.upv.es\\\/\"},{\"@type\":\"ListItem\",\"position\":2,\"name\":\"About\"}]},{\"@type\":\"WebSite\",\"@id\":\"https:\\\/\\\/hortnext.webs.upv.es\\\/#website\",\"url\":\"https:\\\/\\\/hortnext.webs.upv.es\\\/\",\"name\":\"HortNext\",\"description\":\"Horticultura sostenible, resiliente y saludable a trav\u00e9s del uso de portainjertos y rotaciones de especies de alto valor y nuevos usos de hort\u00edcolas infrautilizadas\",\"publisher\":{\"@id\":\"https:\\\/\\\/hortnext.webs.upv.es\\\/#organization\"},\"potentialAction\":[{\"@type\":\"SearchAction\",\"target\":{\"@type\":\"EntryPoint\",\"urlTemplate\":\"https:\\\/\\\/hortnext.webs.upv.es\\\/?s={search_term_string}\"},\"query-input\":{\"@type\":\"PropertyValueSpecification\",\"valueRequired\":true,\"valueName\":\"search_term_string\"}}],\"inLanguage\":\"es\"},{\"@type\":\"Organization\",\"@id\":\"https:\\\/\\\/hortnext.webs.upv.es\\\/#organization\",\"name\":\"HortNext\",\"url\":\"https:\\\/\\\/hortnext.webs.upv.es\\\/\",\"logo\":{\"@type\":\"ImageObject\",\"inLanguage\":\"es\",\"@id\":\"https:\\\/\\\/hortnext.webs.upv.es\\\/#\\\/schema\\\/logo\\\/image\\\/\",\"url\":\"https:\\\/\\\/hortnext.webs.upv.es\\\/wp-content\\\/uploads\\\/2022\\\/12\\\/HortNext-Icon-fococlipping-standard.png\",\"contentUrl\":\"https:\\\/\\\/hortnext.webs.upv.es\\\/wp-content\\\/uploads\\\/2022\\\/12\\\/HortNext-Icon-fococlipping-standard.png\",\"width\":256,\"height\":254,\"caption\":\"HortNext\"},\"image\":{\"@id\":\"https:\\\/\\\/hortnext.webs.upv.es\\\/#\\\/schema\\\/logo\\\/image\\\/\"},\"sameAs\":[\"https:\\\/\\\/x.com\\\/hortnext\",\"https:\\\/\\\/www.instagram.com\\\/hortnext\\\/\"]}]}<\/script>\n<!-- \/ Yoast SEO plugin. -->","yoast_head_json":{"title":"About &#8211; HortNext","description":"Trabajamos por mejorar la salud del suelo y reducir los abonos en el cultivo del pimiento a trav\u00e9s de sistemas de rotaci\u00f3n con br\u00e1sicas y uso de patrones de pimiento resistentes. Queremos asimismo darle relevancia a variados alimentos hort\u00edcolas y darles nuevos usos atractivos","robots":{"index":"index","follow":"follow","max-snippet":"max-snippet:-1","max-image-preview":"max-image-preview:large","max-video-preview":"max-video-preview:-1"},"canonical":"https:\/\/hortnext.webs.upv.es\/index.php\/about\/","og_locale":"es_ES","og_type":"article","og_title":"About &#8211; HortNext","og_description":"Trabajamos por mejorar la salud del suelo y reducir los abonos en el cultivo del pimiento a trav\u00e9s de sistemas de rotaci\u00f3n con br\u00e1sicas y uso de patrones de pimiento resistentes. Queremos asimismo darle relevancia a variados alimentos hort\u00edcolas y darles nuevos usos atractivos","og_url":"https:\/\/hortnext.webs.upv.es\/index.php\/about\/","og_site_name":"HortNext","article_modified_time":"2023-03-10T12:28:06+00:00","og_image":[{"url":"https:\/\/hortnext.webs.upv.es\/wp-content\/uploads\/2023\/03\/photo_2023-03-03_13-05-24-e1678449805852-1024x720.jpg","type":"","width":"","height":""}],"twitter_card":"summary_large_image","twitter_site":"@hortnext","twitter_misc":{"Tiempo de lectura":"2 minutos"},"schema":{"@context":"https:\/\/schema.org","@graph":[{"@type":["WebPage","AboutPage"],"@id":"https:\/\/hortnext.webs.upv.es\/index.php\/about\/","url":"https:\/\/hortnext.webs.upv.es\/index.php\/about\/","name":"About &#8211; HortNext","isPartOf":{"@id":"https:\/\/hortnext.webs.upv.es\/#website"},"primaryImageOfPage":{"@id":"https:\/\/hortnext.webs.upv.es\/index.php\/about\/#primaryimage"},"image":{"@id":"https:\/\/hortnext.webs.upv.es\/index.php\/about\/#primaryimage"},"thumbnailUrl":"https:\/\/hortnext.webs.upv.es\/wp-content\/uploads\/2023\/03\/photo_2023-03-03_13-05-24-e1678449805852-1024x720.jpg","datePublished":"2020-09-15T06:48:29+00:00","dateModified":"2023-03-10T12:28:06+00:00","description":"Trabajamos por mejorar la salud del suelo y reducir los abonos en el cultivo del pimiento a trav\u00e9s de sistemas de rotaci\u00f3n con br\u00e1sicas y uso de patrones de pimiento resistentes. Queremos asimismo darle relevancia a variados alimentos hort\u00edcolas y darles nuevos usos atractivos","breadcrumb":{"@id":"https:\/\/hortnext.webs.upv.es\/index.php\/about\/#breadcrumb"},"inLanguage":"es","potentialAction":[{"@type":"ReadAction","target":["https:\/\/hortnext.webs.upv.es\/index.php\/about\/"]}]},{"@type":"ImageObject","inLanguage":"es","@id":"https:\/\/hortnext.webs.upv.es\/index.php\/about\/#primaryimage","url":"https:\/\/hortnext.webs.upv.es\/wp-content\/uploads\/2023\/03\/photo_2023-03-03_13-05-24-e1678449805852.jpg","contentUrl":"https:\/\/hortnext.webs.upv.es\/wp-content\/uploads\/2023\/03\/photo_2023-03-03_13-05-24-e1678449805852.jpg","width":1184,"height":832},{"@type":"BreadcrumbList","@id":"https:\/\/hortnext.webs.upv.es\/index.php\/about\/#breadcrumb","itemListElement":[{"@type":"ListItem","position":1,"name":"Portada","item":"https:\/\/hortnext.webs.upv.es\/"},{"@type":"ListItem","position":2,"name":"About"}]},{"@type":"WebSite","@id":"https:\/\/hortnext.webs.upv.es\/#website","url":"https:\/\/hortnext.webs.upv.es\/","name":"HortNext","description":"Horticultura sostenible, resiliente y saludable a trav\u00e9s del uso de portainjertos y rotaciones de especies de alto valor y nuevos usos de hort\u00edcolas infrautilizadas","publisher":{"@id":"https:\/\/hortnext.webs.upv.es\/#organization"},"potentialAction":[{"@type":"SearchAction","target":{"@type":"EntryPoint","urlTemplate":"https:\/\/hortnext.webs.upv.es\/?s={search_term_string}"},"query-input":{"@type":"PropertyValueSpecification","valueRequired":true,"valueName":"search_term_string"}}],"inLanguage":"es"},{"@type":"Organization","@id":"https:\/\/hortnext.webs.upv.es\/#organization","name":"HortNext","url":"https:\/\/hortnext.webs.upv.es\/","logo":{"@type":"ImageObject","inLanguage":"es","@id":"https:\/\/hortnext.webs.upv.es\/#\/schema\/logo\/image\/","url":"https:\/\/hortnext.webs.upv.es\/wp-content\/uploads\/2022\/12\/HortNext-Icon-fococlipping-standard.png","contentUrl":"https:\/\/hortnext.webs.upv.es\/wp-content\/uploads\/2022\/12\/HortNext-Icon-fococlipping-standard.png","width":256,"height":254,"caption":"HortNext"},"image":{"@id":"https:\/\/hortnext.webs.upv.es\/#\/schema\/logo\/image\/"},"sameAs":["https:\/\/x.com\/hortnext","https:\/\/www.instagram.com\/hortnext\/"]}]}},"uagb_featured_image_src":{"full":false,"thumbnail":false,"medium":false,"medium_large":false,"large":false,"1536x1536":false,"2048x2048":false},"uagb_author_info":{"display_name":"admin","author_link":"https:\/\/hortnext.webs.upv.es\/index.php\/author\/ejprerod\/"},"uagb_comment_info":0,"uagb_excerpt":"\u00bfqU\u00c9 ES HORTNEXT? nUESTRA MISI\u00d3N Trabajamos por mejorar la salud del suelo y reducir los abonos en el cultivo del pimiento a trav\u00e9s de sistemas de rotaci\u00f3n con br\u00e1sicas y uso de patrones de pimiento resistentes Queremos asimismo darle relevancia a variados alimentos hort\u00edcolas y darles nuevos usos atractivos Nuestra experiencia Somos un grupo de&hellip;","_links":{"self":[{"href":"https:\/\/hortnext.webs.upv.es\/index.php\/wp-json\/wp\/v2\/pages\/413","targetHints":{"allow":["GET"]}}],"collection":[{"href":"https:\/\/hortnext.webs.upv.es\/index.php\/wp-json\/wp\/v2\/pages"}],"about":[{"href":"https:\/\/hortnext.webs.upv.es\/index.php\/wp-json\/wp\/v2\/types\/page"}],"author":[{"embeddable":true,"href":"https:\/\/hortnext.webs.upv.es\/index.php\/wp-json\/wp\/v2\/users\/1"}],"replies":[{"embeddable":true,"href":"https:\/\/hortnext.webs.upv.es\/index.php\/wp-json\/wp\/v2\/comments?post=413"}],"version-history":[{"count":7,"href":"https:\/\/hortnext.webs.upv.es\/index.php\/wp-json\/wp\/v2\/pages\/413\/revisions"}],"predecessor-version":[{"id":663,"href":"https:\/\/hortnext.webs.upv.es\/index.php\/wp-json\/wp\/v2\/pages\/413\/revisions\/663"}],"wp:attachment":[{"href":"https:\/\/hortnext.webs.upv.es\/index.php\/wp-json\/wp\/v2\/media?parent=413"}],"curies":[{"name":"wp","href":"https:\/\/api.w.org\/{rel}","templated":true}]}}